{"id":505,"date":"2025-02-04T16:08:14","date_gmt":"2025-02-04T16:08:14","guid":{"rendered":"https:\/\/www.crevilla.com\/?page_id=505"},"modified":"2025-03-19T15:21:36","modified_gmt":"2025-03-19T15:21:36","slug":"politica-de-privacidad","status":"publish","type":"page","link":"https:\/\/www.crevilla.com\/es\/politica-de-privacidad\/","title":{"rendered":"Pol\u00edtica de privacidad"},"content":{"rendered":"\n<h1 class=\"wp-block-heading\">Pol\u00edtica de privacidad<\/h1>\n\n\n\n<h2 class=\"wp-block-heading\">Pol\u00edtica de enlaces y exenciones de responsabilidad<\/h2>\n\n\n\n<p><strong>Carles Revilla<\/strong> no se hace responsable del contenido de las p\u00e1ginas web a las que pueda acceder el usuario a trav\u00e9s de los enlaces establecidos en sus sitios web y declara que en ning\u00fan caso examinar\u00e1 ni ejercitar\u00e1 ning\u00fan tipo de control sobre el contenido de otras p\u00e1ginas de la red.<\/p>\n\n\n\n<p>Asimismo, tampoco garantiza la disponibilidad t\u00e9cnica, exactitud, veracidad, validez o legalidad de p\u00e1ginas ajenas a su propiedad a las que se pueda acceder a trav\u00e9s de los enlaces.<\/p>\n\n\n\n<p><strong>Carles Revilla<\/strong>, declara que ha adoptado todas las medidas necesarias para evitar cualquier da\u00f1o que pueda derivarse de la navegaci\u00f3n por sus p\u00e1ginas web. En consecuencia,<strong> Carles Revilla<\/strong> no se hace responsable, en ning\u00fan caso, de los eventuales da\u00f1os que pueda sufrir el usuario a causa de la navegaci\u00f3n por Internet.<\/p>\n\n\n\n<p><strong>Carles Revilla<\/strong>, no se responsabiliza de los da\u00f1os o perjuicios de cualquier tipo producidos en el Usuario que traigan causa de fallos o desconexiones en las redes de telecomunicaciones que produzcan la suspensi\u00f3n, cancelaci\u00f3n, instalaci\u00f3n o interrupci\u00f3n del servicio de la web durante la prestaci\u00f3n del mismo o con car\u00e1cter previo.<\/p>\n\n\n\n<p>El acceso a la web: <strong>https:\/\/crevilla.com<\/strong> no implica la obligaci\u00f3n por parte de la empresa de controlar la ausencia de virus o cualquier otro elemento inform\u00e1tico da\u00f1ino. Corresponde al Usuario, en todo caso, la disponibilidad de herramientas adecuadas para la detecci\u00f3n y desinfecci\u00f3n de programas inform\u00e1ticos da\u00f1inos.<\/p>\n\n\n\n<p><strong>Carles Revilla<\/strong>, no se responsabiliza de los da\u00f1os producidos en los equipos inform\u00e1ticos, documentos y\/o ficheros de los Usuarios o de terceros durante la prestaci\u00f3n del servicio en el Portal.<\/p>\n\n\n\n<h2 class=\"wp-block-heading\">Publicidad<\/h2>\n\n\n\n<p>La web: <strong>https:\/\/crevilla.com<\/strong> podr\u00e1 alojar contenidos publicitarios o patrocinados. Los anunciantes o patrocinadores son los \u00fanicos responsables de asegurarse que el material remitido para su inclusi\u00f3n en la web cumple con las leyes que en cada caso puedan ser de aplicaci\u00f3n.<\/p>\n\n\n\n<p><strong>Carles Revilla<\/strong> no ser\u00e1 responsable de cualquier error, inexactitud o irregularidad que puedan contener los contenidos publicitarios o de los patrocinadores.<\/p>\n\n\n\n<h2 class=\"wp-block-heading\">Modificaciones<\/h2>\n\n\n\n<p><strong>Carles Revilla<\/strong>, se reserva el derecho a realizar las modificaciones que considere oportunas, sin aviso previo, en el contenido de sus sitios web, tanto en cuanto a los contenidos de los sitios web como por sus condiciones de uso o por las condiciones generales de contrataci\u00f3n. Dichas modificaciones podr\u00e1n realizarse, a trav\u00e9s de sus sitios web, de cualquier forma admisible en derecho y ser\u00e1n de obligado cumplimiento durante el tiempo que est\u00e9n publicadas en la web y hasta que no sean modificadas por otras posteriores.<\/p>\n\n\n\n<h2 class=\"wp-block-heading\">Reserva de cookies<\/h2>\n\n\n\n<p><strong>Carles Revilla<\/strong>, se reserva el derecho de utilizar cookies en la navegaci\u00f3n del usuario por sus sitios web para facilitar la personalizaci\u00f3n y comodidad de la navegaci\u00f3n. Siguiendo la pol\u00edtica de protecci\u00f3n de datos de la empresa, <strong>Carles Revilla<\/strong> informa que las cookies se asocian al usuario an\u00f3nimo ya su ordenador y no proporcionan por s\u00ed mismas ni el nombre ni los apellidos del usuario.<\/p>\n\n\n\n<p>En este sentido, de acuerdo con la sentencia de la Gran Sala de Justicia de la Uni\u00f3n Europea, de 1 de octubre de 2019, nuestra \u2018pol\u00edtica de cookies\u2019 informa al usuario del tiempo que estas&nbsp; cookies permanecer\u00e1n activas en el terminal del usuario y de la posibilidad de que terceros tengan acceso a la informaci\u00f3n que \u00e9stas almacenan. Esta sentencia modifica el art\u00edculo 5, apartado 3, de la Directiva 2002\/58 por la Directiva 2009\/136.<\/p>\n\n\n\n<p>A ra\u00edz de esta sentencia el usuario tiene la posibilidad de aceptar o rechazar expl\u00edcitamente el uso de las cookies. Adicionalmente, el Usuario tiene la posibilidad de configurar su navegador de manera que sea informado de la recepci\u00f3n de cookies, con la posibilidad, si as\u00ed lo desea, de impedir que se instalen en su disco duro. En este sentido, para acceder a los sitios web de <strong>Carles Revilla<\/strong>, no es preceptiva la instalaci\u00f3n de cookies.<\/p>\n\n\n\n<p>El usuario se compromete a abstenerse de reproducir, copiar, distribuir, poner a disposici\u00f3n o de cualquier otra forma comunicar p\u00fablicamente, transformar o modificar los Contenidos, a menos que se cuente con la autorizaci\u00f3n del titular de los correspondientes derechos o ello resulte legalmente permitido.<\/p>\n\n\n\n<h2 class=\"wp-block-heading\">Protecci\u00f3n de datos personal<\/h2>\n\n\n\n<p>Estos datos, ser\u00e1n introducidos en un fichero automatizado bajo la responsabilidad del administrador de la web de, <strong>Carles Revilla<\/strong> con la finalidad de poder facilitar, agilizar y cumplir los compromisos establecidos entre ambas partes. Asimismo, <strong>Carles Revilla<\/strong> informa de la posibilidad de ejercer los derechos de <strong>acceso<\/strong>, que permite al usuario web, conocer que datos personales tiene el administrador de esta p\u00e1gina y en tal caso contestara en un plazo de 30 d\u00edas, siempre que conserve los datos, <strong>rectificaci\u00f3n<\/strong>, que permite corregir errores, modificar los datos que sean inexactos o incompletos y garantizar la certeza de la informaci\u00f3n, <strong>oposici\u00f3n<\/strong> que podr\u00e1 solicitar y conseguir que no lleve a cabo el tratamiento de datos, <strong>supresi\u00f3n<\/strong> que permite que se supriman los datos inadecuados o excesivos, <strong>limitaci\u00f3n, <\/strong>por el que puede solicitar que se limite el tratamiento de sus datos cuando haya ejercido su derecho a la rectificaci\u00f3n de sus datos personales,&nbsp; y <strong>portabilidad<\/strong>, para que el usuario pueda obtener una copia de los datos personales que haya facilitado en la web a fin de poder transmitirlos a otros servicios, estos derechos se podr\u00e1n ejercer por cualquier medio que deje constancia de su env\u00edo y de su recepci\u00f3n a la direcci\u00f3n:<\/p>\n\n\n\n<p><strong>C.\/ de l\u2019Ateneu<\/strong>. C\u00f3digo Postal: <strong>08960<\/strong>. Localidad: <strong>Sant Just Desveren<\/strong>. Provincia: <strong>BARCELONA<\/strong>, o al correo electr\u00f3nico hi@crevilla.com, aportando fotocopia del DNI o documentaci\u00f3n alternativa que acredite su identidad.<\/p>\n\n\n\n<p>Mientras no nos comunique lo contrario, entenderemos que sus datos no han sido modificados, que usted se compromete a notificarnos cualquier variaci\u00f3n y que tenemos el consentimiento para utilizarlos a fin de poder fidelizar la relaci\u00f3n entre las partes.<\/p>\n\n\n\n<p>El env\u00edo de sus datos mediante el\/los formularios de nuestra web estar\u00e1 supeditado obligatoriamente a que haya le\u00eddo\/aceptado la Pol\u00edtica de Privacidad, mediante un check box obligatorio al pie del formulario.<\/p>\n\n\n\n<p>De acuerdo con lo establecido en la Ley 34\/2002, de Servicios de la Sociedad de la Informaci\u00f3n y el Comercio Electr\u00f3nico en su art\u00edculo 21, pedimos su consentimiento para poder realizar comunicaciones publicitarias que consideremos puedan ser de su inter\u00e9s, por correo electr\u00f3nico o por cualquier otro medio de comunicaci\u00f3n electr\u00f3nica equivalente, este consentimiento lo aceptar\u00e1 o negar\u00e1 con un check box obligatorio al pie del formulario.<\/p>\n\n\n\n<h2 class=\"wp-block-heading\">Propiedad intelectual<\/h2>\n\n\n\n<p>Los derechos de propiedad intelectual e industrial derivados de todos los textos, im\u00e1genes, as\u00ed como de los medios y formas de presentaci\u00f3n y montaje de sus p\u00e1ginas pertenecen, por s\u00ed mismos o como cesionaria, a Carles Revilla. Ser\u00e1n, por tanto, obras protegidas con propiedad intelectual por el ordenamiento jur\u00eddico espa\u00f1ol y se les podr\u00e1 aplicar tanto la normativa espa\u00f1ola y comunitaria en este campo, como los tratados internacionales relativos a la materia y suscritos por Espa\u00f1a, Real Decreto Legislativo 1\/1996.<\/p>\n\n\n\n<p>Todos los derechos reservados. En cumplimiento de la Ley de la Propiedad Intelectual se proh\u00edbe expresamente la reproducci\u00f3n, distribuci\u00f3n, comunicaci\u00f3n p\u00fablica y utilizaci\u00f3n de la totalidad o parte de los contenidos de sus p\u00e1ginas web sin el consentimiento expl\u00edcito de Carles Revilla.<\/p>\n\n\n\n<p>As\u00ed mismo, Carles Revilla se reserva la facultad de presentar las acciones civiles o penales que considere oportunas por la utilizaci\u00f3n indebida de sus p\u00e1ginas web y contenidos o por el incumplimiento de estas condiciones.<\/p>\n\n\n\n<h2 class=\"wp-block-heading\">Certificados de cumplimiento LSSI-CE y protecci\u00f3n de datos<\/h2>\n\n\n\n<p>https:\/\/crevilla.com cumple con la normativa de Protecci\u00f3n de Datos vigente y con la LSSI-CE, y ha sido asesorada en estas normativas por GRUPO QUALIA, por lo que se le otorgan sendos certificados en formato de imagen digital para que pueda exponerlos en su sitio web.<\/p>\n\n\n\n<h2 class=\"wp-block-heading\">Acciones legal, legislaci\u00f3n aplicable y jurisdicci\u00f3n<\/h2>\n\n\n\n<p>La relaci\u00f3n entre el usuario y Carles Revilla se regir\u00e1 por la normativa espa\u00f1ola vigente y ser\u00e1n competentes para decidir sobre cualquier controversia que pueda surgir entre el usuario y Carles Revilla, los juzgados o tribunales de la localidad de BARCELONA.<\/p>\n","protected":false},"excerpt":{"rendered":"<p>Pol\u00edtica de privacidad Pol\u00edtica de enlaces y exenciones de responsabilidad Carles Revilla no se hace responsable del contenido de las p\u00e1ginas web a las que pueda acceder el usuario a trav\u00e9s de los enlaces establecidos en sus sitios web y declara que en ning\u00fan caso examinar\u00e1 ni ejercitar\u00e1 ning\u00fan tipo de control sobre el contenido &hellip;<\/p>\n","protected":false},"author":1,"featured_media":0,"parent":0,"menu_order":0,"comment_status":"closed","ping_status":"closed","template":"templates\/template-builder.php","meta":{"inline_featured_image":false,"_kad_blocks_custom_css":"","_kad_blocks_head_custom_js":"","_kad_blocks_body_custom_js":"","_kad_blocks_footer_custom_js":"","footnotes":""},"class_list":["post-505","page","type-page","status-publish","hentry","post","without-featured-image"],"taxonomy_info":[],"featured_image_src_large":false,"author_info":{"display_name":"admin","author_link":"https:\/\/www.crevilla.com\/es\/author\/server_5wr5ppl3\/"},"comment_info":0,"_links":{"self":[{"href":"https:\/\/www.crevilla.com\/es\/wp-json\/wp\/v2\/pages\/505","targetHints":{"allow":["GET"]}}],"collection":[{"href":"https:\/\/www.crevilla.com\/es\/wp-json\/wp\/v2\/pages"}],"about":[{"href":"https:\/\/www.crevilla.com\/es\/wp-json\/wp\/v2\/types\/page"}],"author":[{"embeddable":true,"href":"https:\/\/www.crevilla.com\/es\/wp-json\/wp\/v2\/users\/1"}],"replies":[{"embeddable":true,"href":"https:\/\/www.crevilla.com\/es\/wp-json\/wp\/v2\/comments?post=505"}],"version-history":[{"count":1,"href":"https:\/\/www.crevilla.com\/es\/wp-json\/wp\/v2\/pages\/505\/revisions"}],"predecessor-version":[{"id":506,"href":"https:\/\/www.crevilla.com\/es\/wp-json\/wp\/v2\/pages\/505\/revisions\/506"}],"wp:attachment":[{"href":"https:\/\/www.crevilla.com\/es\/wp-json\/wp\/v2\/media?parent=505"}],"curies":[{"name":"wp","href":"https:\/\/api.w.org\/{rel}","templated":true}]}}